{"id":409,"date":"2020-06-18T16:53:00","date_gmt":"2020-06-18T14:53:00","guid":{"rendered":"http:\/\/test.skyanddoors.com\/?page_id=409"},"modified":"2025-09-16T17:08:46","modified_gmt":"2025-09-16T15:08:46","slug":"impressum","status":"publish","type":"page","link":"https:\/\/www.skyanddoors.de\/?page_id=409","title":{"rendered":"Impressum &#038; Datenschutz"},"content":{"rendered":"<p style=\"text-align: left;\"><b>sky&amp;doors<\/b><\/p>\n<p><span class=\"ymCSIb\" data-hveid=\"CAMQAA\" data-processed=\"true\">Diese Website dient ausschlie\u00dflich pers\u00f6nlichen Interessen und richtet sich vorrangig an Freunde und Familie.<\/span><\/p>\n<p style=\"text-align: left;\">Inhaber: Melanie Baumgartner<\/p>\n<p>E-Mail f\u00fcr private Anfragen: info@skyanddoors.com<\/p>\n<p>&nbsp;<\/p>\n<p style=\"text-align: left;\"><b>Haftung f\u00fcr Inhalte:<\/b><br \/>\nDie Inhalte unserer Seiten wurden mit gr\u00f6\u00dfter Sorgfalt erstellt. F\u00fcr die Richtigkeit, Vollst\u00e4ndigkeit und Aktualit\u00e4t der Inhalte k\u00f6nnen wir jedoch keine Gew\u00e4hr \u00fcbernehmen.<\/p>\n<p style=\"text-align: left;\"><b>Urheberrecht:<\/b><br \/>\nDie auf dieser Webseite ver\u00f6ffentlichten Inhalte und Werke, insbesondere Fotografien und Grafiken, unterliegen dem deutschen Urheberrecht. Die Vervielf\u00e4ltigung, Bearbeitung, Verbreitung und jede Art nicht zugelassener Verwertung bedarf der vorherigen schriftlichen Zustimmung des jeweiligen Rechteinhabers. Dies gilt insbesondere f\u00fcr Vervielf\u00e4ltigung, Bearbeitung, Einspeicherung, Verarbeitung bzw. Wiedergabe von Inhalten in Datenbanken oder anderen elektronischen Medien und Systemen. Inhalte und Rechte Dritter sind dabei als solche gekennzeichnet. Die unerlaubte Vervielf\u00e4ltigung oder Weitergabe einzelner Inhalte oder kompletter Seiten ist nicht gestattet. Downloads und Kopien dieser Seiten sind nicht erw\u00fcnscht. Sollten Sie Inhalte unserer Seiten oder Teile davon \u00fcbernehmen wollen, setzen Sie sich bitte mit uns in Verbindung.<br \/>\nAlle auf der Internetseite <span style=\"text-decoration: underline;\">www.skyanddoors.com<\/span> und <span style=\"text-decoration: underline;\">www.skyanddoors.de<\/span> befindlichen Bilder sind urheberrechtlich gesch\u00fctzt.<\/p>\n<p style=\"text-align: left;\"><b>Haftung f\u00fcr Links:<\/b><br \/>\nDiese Webseite enth\u00e4lt Links zu externen Webseiten Dritter, auf deren Inhalte wir keinen Einfluss haben. Deshalb k\u00f6nnen wir f\u00fcr diese fremden Inhalte auch keine Gew\u00e4hr \u00fcbernehmen. F\u00fcr die Inhalte der verlinkten Seiten ist stets, allein und ausschlie\u00dflich der jeweilige Anbieter oder Betreiber der Seiten verantwortlich. Die verlinkten Seiten wurden zum Zeitpunkt der Verlinkung auf m\u00f6gliche Rechtsverst\u00f6\u00dfe \u00fcberpr\u00fcft. Rechtswidrige Inhalte waren zum Zeitpunkt der Verlinkung nicht erkennbar. Eine permanente inhaltliche Kontrolle der verlinkten Seiten ist jedoch ohne konkrete Anhaltspunkte einer Rechtsverletzung nicht zumutbar. Bei bekannt werden von Rechtsverletzungen werden wir derartige Links umgehend entfernen.<\/p>\n<p style=\"text-align: left;\"><b>Datenschutz:<\/b><br \/>\nEiner Nutzung der im Impressum ver\u00f6ffentlichen Kontaktdaten durch Dritte zu Werbezwecken wird hiermit ausdr\u00fccklich widersprochen.<\/p>\n<p style=\"text-align: left;\">Die Betreiber dieser Seiten nehmen den Schutz Ihrer pers\u00f6nlichen Daten sehr ernst. Wir behandeln Ihre personenbezogenen Daten vertraulich und entsprechend der gesetzlichen Datenschutzvorschriften sowie dieser Datenschutzerkl\u00e4rung. Die Nutzung unserer Website ist in der Regel ohne Angabe personenbezogener Daten m\u00f6glich. Soweit auf unseren Seiten personenbezogene Daten (beispielsweise Name, Anschrift oder E-Mail-Adressen) erhoben werden, erfolgt dies, soweit m\u00f6glich, stets auf freiwilliger Basis. Diese Daten werden ohne Ihreausdru\u0308ckliche Zustimmung nicht an Dritte weitergegeben.<\/p>\n<p style=\"text-align: left;\">Wir weisen darauf hin, dass die Datenu\u0308bertragung im Internet (z.B. bei der Kommunikation per E-Mail) Sicherheitslu\u0308cken aufweisen kann. Ein lu\u0308ckenloser Schutz der Daten vor dem Zugriff durch Dritte ist nichtm\u00f6glich.<\/p>\n<p style=\"text-align: left;\"><strong>Cookies:<\/strong><br \/>\nDie Internetseiten verwenden teilweise so genannte Cookies. Cookies richten auf Ihrem Rechner keinen Schaden an und enthalten keine Viren. Cookies dienen dazu, unser Angebot nutzerfreundlicher, effektiver und sicherer zu machen. Cookies sind kleine Textdateien, die auf Ihrem Rechner abgelegt werden und die Ihr Browser speichert.<\/p>\n<p style=\"text-align: left;\">Die meisten der von uns verwendeten Cookies sind so genannte \u201eSession-Cookies\u201c. Sie werden nach Ende Ihres Besuchs automatisch gel\u00f6scht. Andere Cookies bleiben auf Ihrem Endger\u00e4t gespeichert, bis Sie diese l\u00f6schen. Diese Cookies erm\u00f6glichen es uns, Ihren Browser beim n\u00e4chsten Besuch wiederzuerkennen.<\/p>\n<p style=\"text-align: left;\">Sie k\u00f6nnen Ihren Browser so einstellen, dass Sie u\u0308ber das Setzen von Cookies informiert werden und Cookies nur im Einzelfall erlauben, die Annahme von Cookies fu\u0308r bestimmte F\u00e4lle oder generell ausschlie\u00dfen sowie das automatische L\u00f6schen der Cookies beim Schlie\u00dfen des Browser aktivieren. Bei der Deaktivierung von Cookies kann die Funktionalit\u00e4t dieser Website eingeschr\u00e4nkt sein.<\/p>\n<p style=\"text-align: left;\">Quelle: <a href=\"http:\/\/www.e-recht24.de\"><span style=\"color: #3366ff;\">e-recht24.de<\/span><\/a><\/p>\n","protected":false},"excerpt":{"rendered":"<p>sky&amp;doors Diese Website dient ausschlie\u00dflich pers\u00f6nlichen Interessen und richtet sich vorrangig an Freunde und Familie. Inhaber: Melanie Baumgartner E-Mail f\u00fcr private Anfragen: info@skyanddoors.com &nbsp; Haftung f\u00fcr Inhalte: Die Inhalte unserer Seiten wurden mit gr\u00f6\u00dfter Sorgfalt erstellt. F\u00fcr die Richtigkeit, Vollst\u00e4ndigkeit und Aktualit\u00e4t der Inhalte k\u00f6nnen wir jedoch keine Gew\u00e4hr \u00fcbernehmen. [&hellip;]<\/p>\n","protected":false},"author":1,"featured_media":0,"parent":0,"menu_order":0,"comment_status":"closed","ping_status":"closed","template":"template-page-fullwidth.php","meta":{"footnotes":""},"class_list":["post-409","page","type-page","status-publish","hentry"],"_links":{"self":[{"href":"https:\/\/www.skyanddoors.de\/index.php?rest_route=\/wp\/v2\/pages\/409","targetHints":{"allow":["GET"]}}],"collection":[{"href":"https:\/\/www.skyanddoors.de\/index.php?rest_route=\/wp\/v2\/pages"}],"about":[{"href":"https:\/\/www.skyanddoors.de\/index.php?rest_route=\/wp\/v2\/types\/page"}],"author":[{"embeddable":true,"href":"https:\/\/www.skyanddoors.de\/index.php?rest_route=\/wp\/v2\/users\/1"}],"replies":[{"embeddable":true,"href":"https:\/\/www.skyanddoors.de\/index.php?rest_route=%2Fwp%2Fv2%2Fcomments&post=409"}],"version-history":[{"count":44,"href":"https:\/\/www.skyanddoors.de\/index.php?rest_route=\/wp\/v2\/pages\/409\/revisions"}],"predecessor-version":[{"id":1972,"href":"https:\/\/www.skyanddoors.de\/index.php?rest_route=\/wp\/v2\/pages\/409\/revisions\/1972"}],"wp:attachment":[{"href":"https:\/\/www.skyanddoors.de\/index.php?rest_route=%2Fwp%2Fv2%2Fmedia&parent=409"}],"curies":[{"name":"wp","href":"https:\/\/api.w.org\/{rel}","templated":true}]}}