{"id":1459,"date":"2020-06-18T17:45:16","date_gmt":"2020-06-18T15:45:16","guid":{"rendered":"http:\/\/www.skyanddoors.de\/?page_id=1459"},"modified":"2025-10-26T15:49:00","modified_gmt":"2025-10-26T14:49:00","slug":"blog-overview","status":"publish","type":"page","link":"https:\/\/www.skyanddoors.de\/?page_id=1459","title":{"rendered":"Blog"},"content":{"rendered":"\n<div class=\"wp-block-group\"><div class=\"wp-block-group__inner-container is-layout-flow wp-block-group-is-layout-flow\">\n<div class=\"wp-block-group\"><div class=\"wp-block-group__inner-container is-layout-flow wp-block-group-is-layout-flow\"><p class=\"wp-block-tag-cloud\"><a href=\"https:\/\/www.skyanddoors.de\/?tag=grossstadt-lemminge\" class=\"tag-cloud-link tag-link-43 tag-link-position-1\" style=\"font-size: 8pt;\" aria-label=\"Gro\u00dfstadt-Lemminge (5\u00a0Eintr\u00e4ge)\">Gro\u00dfstadt-Lemminge<span class=\"tag-link-count\"> (5)<\/span><\/a><\/p><\/div><\/div>\n\n\n\n<hr class=\"wp-block-separator has-css-opacity is-style-default\"\/>\n<\/div><\/div>\n\n\n\n<p>Intro Blog Gro\u00dfstadt-Lemminge <\/p>\n\n\n\n<blockquote class=\"wp-block-quote is-layout-flow wp-block-quote-is-layout-flow\">\n<p>Der Hamburger Gro\u00dfstadt-Lemming ist in der Tat eine ganz besondere Spezies. Er vereint par Excellance eine Vorliebe f\u00fcr Massentierhaltung gepaart mit Anonymit\u00e4t und Individualismus. <\/p>\n<\/blockquote>\n\n\n\n<hr class=\"wp-block-separator has-css-opacity\"\/>\n\n\n\n<div class=\"wp-block-media-text alignwide is-vertically-aligned-center is-image-fill-element\"><figure class=\"wp-block-media-text__media\"><img loading=\"lazy\" decoding=\"async\" width=\"785\" height=\"523\" src=\"https:\/\/www.skyanddoors.de\/wp-content\/uploads\/2020\/06\/GL_Kapitel1-785x523.jpg\" alt=\"\" class=\"wp-image-1473 size-full\" style=\"object-position:50% 50%\" srcset=\"https:\/\/www.skyanddoors.de\/wp-content\/uploads\/2020\/06\/GL_Kapitel1-785x523.jpg 785w, https:\/\/www.skyanddoors.de\/wp-content\/uploads\/2020\/06\/GL_Kapitel1-300x200.jpg 300w, https:\/\/www.skyanddoors.de\/wp-content\/uploads\/2020\/06\/GL_Kapitel1-768x512.jpg 768w, https:\/\/www.skyanddoors.de\/wp-content\/uploads\/2020\/06\/GL_Kapitel1.jpg 1200w\" sizes=\"auto, (max-width: 785px) 100vw, 785px\" \/><\/figure><div class=\"wp-block-media-text__content\">\n<p class=\"has-text-align-left\" style=\"font-size:25px\"><a href=\"https:\/\/www.skyanddoors.de\/?p=1434\">Kapitel 1: U-Bahn<\/a><\/p>\n\n\n\n<p>Blog Gro\u00dfstadt-Lemminge<\/p>\n<\/div><\/div>\n\n\n\n<div class=\"wp-block-media-text alignwide has-media-on-the-right is-vertically-aligned-center is-image-fill-element\"><div class=\"wp-block-media-text__content\">\n<p class=\"has-text-align-left\" style=\"font-size:25px\"><a href=\"https:\/\/www.skyanddoors.de\/?p=1622\">Kapitel 2: Gl\u00fchwein<\/a><\/p>\n\n\n\n<p>Blog Gro\u00dfstadt-Lemminge<\/p>\n<\/div><figure class=\"wp-block-media-text__media\"><img loading=\"lazy\" decoding=\"async\" width=\"785\" height=\"523\" src=\"https:\/\/www.skyanddoors.de\/wp-content\/uploads\/2020\/06\/GL_Kapitel2-785x523.jpg\" alt=\"Blog Gro\u00dfstadt-Lemminge: Gl\u00fchwein\" class=\"wp-image-1628 size-full\" style=\"object-position:50% 50%\" srcset=\"https:\/\/www.skyanddoors.de\/wp-content\/uploads\/2020\/06\/GL_Kapitel2-785x523.jpg 785w, https:\/\/www.skyanddoors.de\/wp-content\/uploads\/2020\/06\/GL_Kapitel2-300x200.jpg 300w, https:\/\/www.skyanddoors.de\/wp-content\/uploads\/2020\/06\/GL_Kapitel2-768x512.jpg 768w, https:\/\/www.skyanddoors.de\/wp-content\/uploads\/2020\/06\/GL_Kapitel2.jpg 1200w\" sizes=\"auto, (max-width: 785px) 100vw, 785px\" \/><\/figure><\/div>\n\n\n\n<div class=\"wp-block-media-text alignwide is-vertically-aligned-center is-image-fill-element\"><figure class=\"wp-block-media-text__media\"><img loading=\"lazy\" decoding=\"async\" width=\"785\" height=\"785\" src=\"https:\/\/www.skyanddoors.de\/wp-content\/uploads\/2020\/06\/GL_Kapitel3-785x785.jpg\" alt=\"Blog Gro\u00dfstadt-Lemminge: Regen\" class=\"wp-image-1629 size-full\" style=\"object-position:50% 50%\" srcset=\"https:\/\/www.skyanddoors.de\/wp-content\/uploads\/2020\/06\/GL_Kapitel3-785x785.jpg 785w, https:\/\/www.skyanddoors.de\/wp-content\/uploads\/2020\/06\/GL_Kapitel3-300x300.jpg 300w, https:\/\/www.skyanddoors.de\/wp-content\/uploads\/2020\/06\/GL_Kapitel3-145x145.jpg 145w, https:\/\/www.skyanddoors.de\/wp-content\/uploads\/2020\/06\/GL_Kapitel3-768x768.jpg 768w, https:\/\/www.skyanddoors.de\/wp-content\/uploads\/2020\/06\/GL_Kapitel3.jpg 1200w\" sizes=\"auto, (max-width: 785px) 100vw, 785px\" \/><\/figure><div class=\"wp-block-media-text__content\">\n<p style=\"font-size:25px\"><a href=\"https:\/\/www.skyanddoors.de\/?p=1631\">Kapitel 3: Regen<\/a><\/p>\n\n\n\n<p>Blog Gro\u00dfstadt-Lemminge<\/p>\n<\/div><\/div>\n\n\n\n<div class=\"wp-block-media-text alignwide has-media-on-the-right is-vertically-aligned-center is-image-fill-element\"><div class=\"wp-block-media-text__content\">\n<p style=\"font-size:25px\"><a href=\"https:\/\/www.skyanddoors.de\/?p=1817\">Kapitel 4: Elben-Haft<\/a><\/p>\n\n\n\n<p>Blog Gro\u00dfstadt-Lemminge<\/p>\n<\/div><figure class=\"wp-block-media-text__media\"><img loading=\"lazy\" decoding=\"async\" width=\"785\" height=\"523\" src=\"https:\/\/www.skyanddoors.de\/wp-content\/uploads\/2025\/10\/GL_Kapitel4-785x523.jpg\" alt=\"Blog Gro\u00dfstadt-Lemminge: Elben-Haft\" class=\"wp-image-1997 size-full\" style=\"object-position:50% 50%\" srcset=\"https:\/\/www.skyanddoors.de\/wp-content\/uploads\/2025\/10\/GL_Kapitel4-785x523.jpg 785w, https:\/\/www.skyanddoors.de\/wp-content\/uploads\/2025\/10\/GL_Kapitel4-300x200.jpg 300w, https:\/\/www.skyanddoors.de\/wp-content\/uploads\/2025\/10\/GL_Kapitel4-768x512.jpg 768w, https:\/\/www.skyanddoors.de\/wp-content\/uploads\/2025\/10\/GL_Kapitel4.jpg 1200w\" sizes=\"auto, (max-width: 785px) 100vw, 785px\" \/><\/figure><\/div>\n\n\n\n<div class=\"wp-block-media-text alignwide is-vertically-aligned-center is-image-fill-element\"><figure class=\"wp-block-media-text__media\"><img loading=\"lazy\" decoding=\"async\" width=\"785\" height=\"523\" src=\"https:\/\/www.skyanddoors.de\/wp-content\/uploads\/2025\/10\/GL_Kapitel5-785x523.jpg\" alt=\"Blog Gro\u00dfstadt-Lemminge: Das Krankenhaus-Grauen\" class=\"wp-image-2002 size-full\" style=\"object-position:50% 50%\" srcset=\"https:\/\/www.skyanddoors.de\/wp-content\/uploads\/2025\/10\/GL_Kapitel5-785x523.jpg 785w, https:\/\/www.skyanddoors.de\/wp-content\/uploads\/2025\/10\/GL_Kapitel5-300x200.jpg 300w, https:\/\/www.skyanddoors.de\/wp-content\/uploads\/2025\/10\/GL_Kapitel5-768x512.jpg 768w, https:\/\/www.skyanddoors.de\/wp-content\/uploads\/2025\/10\/GL_Kapitel5.jpg 1200w\" sizes=\"auto, (max-width: 785px) 100vw, 785px\" \/><\/figure><div class=\"wp-block-media-text__content\">\n<p style=\"font-size:25px\"><a href=\"https:\/\/www.skyanddoors.de\/?p=1993\" data-type=\"post\" data-id=\"1993\">Kapitel 5: Das Krankenhaus-Grauen<\/a><\/p>\n\n\n\n<p>Blog Gro\u00dfstadt-Lemminge<\/p>\n<\/div><\/div>\n\n\n\n<p id=\"Blog\"><\/p>\n","protected":false},"excerpt":{"rendered":"<p>Intro Blog Gro\u00dfstadt-Lemminge Der Hamburger Gro\u00dfstadt-Lemming ist in der Tat eine ganz besondere Spezies. Er vereint par Excellance eine Vorliebe f\u00fcr Massentierhaltung gepaart mit Anonymit\u00e4t und Individualismus. Kapitel 1: U-Bahn Blog Gro\u00dfstadt-Lemminge Kapitel 2: Gl\u00fchwein Blog Gro\u00dfstadt-Lemminge Kapitel 3: Regen Blog Gro\u00dfstadt-Lemminge Kapitel 4: Elben-Haft Blog Gro\u00dfstadt-Lemminge Kapitel 5: Das [&hellip;]<\/p>\n","protected":false},"author":1,"featured_media":0,"parent":0,"menu_order":0,"comment_status":"closed","ping_status":"closed","template":"template-page-fullwidth.php","meta":{"footnotes":""},"class_list":["post-1459","page","type-page","status-publish","hentry"],"_links":{"self":[{"href":"https:\/\/www.skyanddoors.de\/index.php?rest_route=\/wp\/v2\/pages\/1459","targetHints":{"allow":["GET"]}}],"collection":[{"href":"https:\/\/www.skyanddoors.de\/index.php?rest_route=\/wp\/v2\/pages"}],"about":[{"href":"https:\/\/www.skyanddoors.de\/index.php?rest_route=\/wp\/v2\/types\/page"}],"author":[{"embeddable":true,"href":"https:\/\/www.skyanddoors.de\/index.php?rest_route=\/wp\/v2\/users\/1"}],"replies":[{"embeddable":true,"href":"https:\/\/www.skyanddoors.de\/index.php?rest_route=%2Fwp%2Fv2%2Fcomments&post=1459"}],"version-history":[{"count":39,"href":"https:\/\/www.skyanddoors.de\/index.php?rest_route=\/wp\/v2\/pages\/1459\/revisions"}],"predecessor-version":[{"id":2014,"href":"https:\/\/www.skyanddoors.de\/index.php?rest_route=\/wp\/v2\/pages\/1459\/revisions\/2014"}],"wp:attachment":[{"href":"https:\/\/www.skyanddoors.de\/index.php?rest_route=%2Fwp%2Fv2%2Fmedia&parent=1459"}],"curies":[{"name":"wp","href":"https:\/\/api.w.org\/{rel}","templated":true}]}}